{"id":26,"date":"2023-01-24T17:00:08","date_gmt":"2023-01-24T17:00:08","guid":{"rendered":"https:\/\/staging.flavialazzarini.com\/?page_id=26"},"modified":"2025-04-10T16:14:09","modified_gmt":"2025-04-10T16:14:09","slug":"home","status":"publish","type":"page","link":"https:\/\/flavialazzarini.com\/?page_id=26","title":{"rendered":"About"},"content":{"rendered":"\n<p><br><\/p>\n\n\n<div class=\"wp-block-image\">\n<figure class=\"aligncenter size-large is-resized\"><img loading=\"lazy\" decoding=\"async\" width=\"1024\" height=\"576\" src=\"https:\/\/flavialazzarini.com\/wp-content\/uploads\/2023\/02\/zia-flavia-1024x576.png\" alt=\"\" class=\"wp-image-900\" style=\"object-fit:cover;width:163px;height:139px\" srcset=\"https:\/\/flavialazzarini.com\/wp-content\/uploads\/2023\/02\/zia-flavia-1024x576.png 1024w, https:\/\/flavialazzarini.com\/wp-content\/uploads\/2023\/02\/zia-flavia-300x169.png 300w, https:\/\/flavialazzarini.com\/wp-content\/uploads\/2023\/02\/zia-flavia-768x432.png 768w, https:\/\/flavialazzarini.com\/wp-content\/uploads\/2023\/02\/zia-flavia-1536x864.png 1536w, https:\/\/flavialazzarini.com\/wp-content\/uploads\/2023\/02\/zia-flavia-2048x1152.png 2048w\" sizes=\"auto, (max-width: 1024px) 100vw, 1024px\" \/><\/figure>\n<\/div>\n\n\n<figure class=\"wp-block-pullquote has-text-align-left has-border-color\" style=\"border-color:#ddca1f;border-width:4px;border-radius:30px;font-size:16px\"><blockquote><p>Dj, remixer, producer,\u00a0<strong>Flavia Lazzarini\u00a0<\/strong>non lascia niente di intentato per trasmettere la sua necessit\u00e0 di fare musica. Alla consolle da oltre 20 anni, \u00e8 una delle dj italiane pi\u00f9 apprezzate in Italia e all&#8217;estero. A partire dal 1990 inizia a dividersi tra Roma e New York, citt\u00e0 che la formano musicalmente e che rendono immediata la sua decisione: lasciare la toga (dopo una laurea in giurisprudenza) per la consolle. Da quel momento in poi diviene protagonista della night-life della capitale, dei party pi\u00f9 esclusivi della moda e del cinema, dei vernissage, e dei migliori club d&#8217;Europa. Il suo stile si nutre di una ricerca continua volta all&#8217;individuazione di sonorit\u00e0 multiple, la cui contemporaneit\u00e0 affonda le radici nelle suggestioni musicali pi\u00f9 classiche.\u00a0Jazz, nu bossa, dance, electro, fino alle battute ardimentose della house e gli stimoli underground, si intersecano e influenzano andando a delineare il suo djStyle.<br><br>Opera da sempre con il vinile, di cui \u00e8 fiera sostenitrice: ad oggi \u00e8 una delle poche dj che raramente cede alle semplificazioni di cd-mixer, laptop e pen-drive. La sua presenza \u201cai piatti&#8221; si fonde, inoltre e spesso, a video installazioni, teatro-danza e ad interazioni vocali e strumentali live.<br><br>Responsabile della rubrica musicale del sito ufficiale della Rai, \u00e8 stata dj resident per la trasmissione televisiva Sex and the City, consulente musicale per Mediaset e cura la selezione e l&#8217;adattamento di brani musicali per soundtracks di cortometraggi e documentari.<br><br>Alla sua attivit\u00e0 di dj si affianca quella di organizzatrice di eventi musicali (concerti, dj set). Nel 1999 fonda GLAMnight agenzia che si occupa dell&#8217;organizzazione di eventi e di concerti (GLAMnightlive), tra questi il &#8220;Festival Between Lounge n&#8217; Bossa&#8221; presentato ad Enzimi 2002 ed Enzimi 2003. Presto il progetto evolve e lancia GLAMDA, serie di eventi dedicati specificamente al clubbing e che vede l&#8217;alternarsi settimanale di live e dj set di artisti internazionali.<br><br>L&#8217;ultimo progetto firmato Flavia Lazzarini \u00e8 Glamnight Records (GMT): etichetta indipendente divenuta riferimento online per artisti emergenti ed affermati. GMT si rivolge a dj, producer, musicisti, compositori, vocalist e a chiunque sia interessato a diffondere e a condividere il proprio progetto musicale indipendente, nell&#8217;ambito dell&#8217;elettronica, nu-indie e house.<br><br>Collabora da anni con Goodymusic production srl con cui ha relazzato nel 2016 il suo primo album &#8220;Aubergine&#8221; a cui hanno fanno seguito numerosi produzioni di singoli e remix.<\/p><\/blockquote><\/figure>\n","protected":false},"excerpt":{"rendered":"<p>Dj, remixer, producer,\u00a0Flavia Lazzarini\u00a0non lascia niente di intentato per trasmettere la sua necessit\u00e0 di fare musica. Alla consolle da oltre 20 anni, \u00e8 una delle dj italiane pi\u00f9 apprezzate in Italia e all&#8217;estero. A partire dal 1990 inizia a dividersi tra Roma e New York, citt\u00e0 che la formano musicalmente e che rendono immediata la [&hellip;]<\/p>\n","protected":false},"author":1,"featured_media":0,"parent":0,"menu_order":0,"comment_status":"closed","ping_status":"closed","template":"","meta":{"footnotes":""},"class_list":["post-26","page","type-page","status-publish","hentry"],"_links":{"self":[{"href":"https:\/\/flavialazzarini.com\/index.php?rest_route=\/wp\/v2\/pages\/26","targetHints":{"allow":["GET"]}}],"collection":[{"href":"https:\/\/flavialazzarini.com\/index.php?rest_route=\/wp\/v2\/pages"}],"about":[{"href":"https:\/\/flavialazzarini.com\/index.php?rest_route=\/wp\/v2\/types\/page"}],"author":[{"embeddable":true,"href":"https:\/\/flavialazzarini.com\/index.php?rest_route=\/wp\/v2\/users\/1"}],"replies":[{"embeddable":true,"href":"https:\/\/flavialazzarini.com\/index.php?rest_route=%2Fwp%2Fv2%2Fcomments&post=26"}],"version-history":[{"count":0,"href":"https:\/\/flavialazzarini.com\/index.php?rest_route=\/wp\/v2\/pages\/26\/revisions"}],"wp:attachment":[{"href":"https:\/\/flavialazzarini.com\/index.php?rest_route=%2Fwp%2Fv2%2Fmedia&parent=26"}],"curies":[{"name":"wp","href":"https:\/\/api.w.org\/{rel}","templated":true}]}}